{"id":5313,"date":"2025-11-14T12:31:45","date_gmt":"2025-11-14T12:31:45","guid":{"rendered":"https:\/\/bike-it-thailand.com\/?page_id=5313"},"modified":"2025-11-14T12:51:01","modified_gmt":"2025-11-14T12:51:01","slug":"mentions-legales","status":"publish","type":"page","link":"https:\/\/bike-it-thailand.com\/en\/mentions-legales\/","title":{"rendered":"Terms of use"},"content":{"rendered":"<div data-elementor-type=\"wp-page\" data-elementor-id=\"5313\" class=\"elementor elementor-5313\" data-elementor-post-type=\"page\">\n\t\t\t\t<div class=\"elementor-element elementor-element-1ea462f5 e-con-full e-flex e-con e-parent\" data-id=\"1ea462f5\" data-element_type=\"container\" data-e-type=\"container\">\n\t\t<div class=\"elementor-element elementor-element-1f6f7e85 e-con-full e-flex e-con e-child\" data-id=\"1f6f7e85\" data-element_type=\"container\" data-e-type=\"container\" data-settings=\"{&quot;position&quot;:&quot;fixed&quot;}\">\n\t\t\t\t<div class=\"elementor-element elementor-element-59052c9 elementor-widget elementor-widget-image\" data-id=\"59052c9\" data-element_type=\"widget\" data-e-type=\"widget\" data-widget_type=\"image.default\">\n\t\t\t\t<div class=\"elementor-widget-container\">\n\t\t\t\t\t\t\t\t\t\t\t\t\t\t\t<img fetchpriority=\"high\" decoding=\"async\" width=\"1920\" height=\"766\" src=\"https:\/\/bike-it-thailand.com\/wp-content\/uploads\/2025\/08\/voyage-thailande-nos-modeles-de-scooters-location-scaled.webp\" class=\"attachment-full size-full wp-image-489\" alt=\"Personne sur un scooter premium face \u00e0 un paysage tha\u00eflandais c\u00f4tier typique, pagode et mer \u00e0 l\u2019arri\u00e8re-plan.\" srcset=\"https:\/\/bike-it-thailand.com\/wp-content\/uploads\/2025\/08\/voyage-thailande-nos-modeles-de-scooters-location-scaled.webp 1920w, https:\/\/bike-it-thailand.com\/wp-content\/uploads\/2025\/08\/voyage-thailande-nos-modeles-de-scooters-location-300x120.webp 300w, https:\/\/bike-it-thailand.com\/wp-content\/uploads\/2025\/08\/voyage-thailande-nos-modeles-de-scooters-location-1024x408.webp 1024w, https:\/\/bike-it-thailand.com\/wp-content\/uploads\/2025\/08\/voyage-thailande-nos-modeles-de-scooters-location-768x306.webp 768w, https:\/\/bike-it-thailand.com\/wp-content\/uploads\/2025\/08\/voyage-thailande-nos-modeles-de-scooters-location-1536x613.webp 1536w\" sizes=\"(max-width: 1920px) 100vw, 1920px\" title=\"\">\t\t\t\t\t\t\t\t\t\t\t\t\t\t\t<\/div>\n\t\t\t\t<\/div>\n\t\t\t\t<\/div>\n\t\t<div class=\"elementor-element elementor-element-5b2fe24e e-con-full e-flex e-con e-child\" data-id=\"5b2fe24e\" data-element_type=\"container\" data-e-type=\"container\" data-settings=\"{&quot;position&quot;:&quot;fixed&quot;}\">\n\t\t<div class=\"elementor-element elementor-element-6890f8c3 e-flex e-con-boxed e-con e-child\" data-id=\"6890f8c3\" data-element_type=\"container\" data-e-type=\"container\">\n\t\t\t\t\t<div class=\"e-con-inner\">\n\t\t\t\t<div class=\"elementor-element elementor-element-7ca7d46c elementor-widget elementor-widget-heading\" data-id=\"7ca7d46c\" data-element_type=\"widget\" data-e-type=\"widget\" data-widget_type=\"heading.default\">\n\t\t\t\t<div class=\"elementor-widget-container\">\n\t\t\t\t\t<h1 class=\"elementor-heading-title elementor-size-default\">Terms of use<\/h1>\t\t\t\t<\/div>\n\t\t\t\t<\/div>\n\t\t\t\t\t<\/div>\n\t\t\t\t<\/div>\n\t\t\t\t<\/div>\n\t\t<div class=\"elementor-element elementor-element-499c4383 e-con-full e-flex e-con e-child\" data-id=\"499c4383\" data-element_type=\"container\" data-e-type=\"container\" data-settings=\"{&quot;background_background&quot;:&quot;classic&quot;}\">\n\t\t<div class=\"elementor-element elementor-element-12d3d99 e-flex e-con-boxed e-con e-child\" data-id=\"12d3d99\" data-element_type=\"container\" data-e-type=\"container\">\n\t\t\t\t\t<div class=\"e-con-inner\">\n\t\t\t\t<div class=\"elementor-element elementor-element-1f424a53 elementor-widget__width-inherit elementor-widget elementor-widget-heading\" data-id=\"1f424a53\" data-element_type=\"widget\" data-e-type=\"widget\" data-widget_type=\"heading.default\">\n\t\t\t\t<div class=\"elementor-widget-container\">\n\t\t\t\t\t<h2 class=\"elementor-heading-title elementor-size-default\">Terms of use<\/h2>\t\t\t\t<\/div>\n\t\t\t\t<\/div>\n\t\t\t\t<div class=\"elementor-element elementor-element-a485d04 elementor-widget elementor-widget-text-editor\" data-id=\"a485d04\" data-element_type=\"widget\" data-e-type=\"widget\" data-widget_type=\"text-editor.default\">\n\t\t\t\t<div class=\"elementor-widget-container\">\n\t\t\t\t\t\t\t\t\t<h3 data-start=\"408\" data-end=\"431\">Legal information<\/h3><p data-start=\"433\" data-end=\"703\">The company <strong data-start=\"444\" data-end=\"455\">Bike It<\/strong>, with a view to protecting the rights of its users and ensuring total transparency in the processing of personal data, hereby provides this legal notice. They complement the Privacy Policy available separately on the site.<\/p><p data-start=\"705\" data-end=\"837\">For further information on data protection, please contact the competent authorities in your country:<\/p><p data-start=\"839\" data-end=\"993\">- CNPD - Luxembourg : <a class=\"decorated-link\" href=\"https:\/\/cnpd.public.lu\/fr\" target=\"_new\" rel=\"noopener\" data-start=\"861\" data-end=\"886\">https:\/\/cnpd.public.lu\/fr<\/a><br data-start=\"886\" data-end=\"889\" \/>- APD - Belgium : <a class=\"decorated-link\" href=\"https:\/\/www.autoriteprotectiondonnees.be\" target=\"_new\" rel=\"noopener\" data-start=\"908\" data-end=\"948\">https:\/\/www.autoriteprotectiondonnees.be<\/a><br data-start=\"948\" data-end=\"951\" \/>- CNIL - France : <a class=\"decorated-link\" href=\"https:\/\/www.cnil.fr\/fr\" target=\"_new\" rel=\"noopener\" data-start=\"969\" data-end=\"991\">https:\/\/www.cnil.fr\/fr<\/a><\/p><p data-start=\"995\" data-end=\"1156\">Continued browsing of this site implies unreserved acceptance of this legal notice. The online version prevails over any previous version.<\/p><p data-start=\"995\" data-end=\"1156\">\u00a0<\/p><h3 data-start=\"1163\" data-end=\"1207\">Article 1 - Definitions and identification<\/h3><p data-start=\"1209\" data-end=\"1491\"><strong data-start=\"1209\" data-end=\"1231\">1.1 Owner :<\/strong> Bike It<br data-start=\"1239\" data-end=\"1242\" \/><strong data-start=\"1242\" data-end=\"1278\">1.2 Person responsible for publication :<\/strong> Bike It - <a class=\"decorated-link cursor-pointer\" rel=\"noopener\" data-start=\"1289\" data-end=\"1314\"><span \n                data-original-string='ML3NUgSIoSLfPHRTvEvI8w==d187sWXKGt+YrKcXsrcu5JZToFK1SF43YtZb3sq4Y\/HOoc='\n                class='apbct-email-encoder'\n                title='This contact has been encoded by Anti-Spam by CleanTalk. Click to decode. To finish the decoding make sure that JavaScript is enabled in your browser.'>in<span class=\"apbct-blur\">**<\/span>@<span class=\"apbct-blur\">**************<\/span>nd.com<\/span><\/a><br data-start=\"1314\" data-end=\"1317\" \/><strong data-start=\"1317\" data-end=\"1336\">1.3 Host :<\/strong> Infomaniak Network SA, Rue Eug\u00e8ne-Marziano 25, 1227 Geneva, Switzerland<br data-start=\"1403\" data-end=\"1406\" \/><strong data-start=\"1406\" data-end=\"1425\">1.4 Webmaster :<\/strong> Bike It<br data-start=\"1433\" data-end=\"1436\" \/><strong data-start=\"1436\" data-end=\"1481\">1.5 Data protection officer :<\/strong> Bike It<\/p><p data-start=\"1493\" data-end=\"1573\"><strong data-start=\"1493\" data-end=\"1508\">Phone :<\/strong> +66 93 594 3211<br data-start=\"1524\" data-end=\"1527\" \/><strong data-start=\"1527\" data-end=\"1547\">E-mail address :<\/strong> <a class=\"decorated-link cursor-pointer\" rel=\"noopener\" data-start=\"1548\" data-end=\"1573\"><span \n                data-original-string='QHiueNhEzu+o5rP\/aYndyA==d18KkF09LTHKqRojFn1cMtfM4mekzXccoI1eisNx4V51dU='\n                class='apbct-email-encoder'\n                title='This contact has been encoded by Anti-Spam by CleanTalk. Click to decode. To finish the decoding make sure that JavaScript is enabled in your browser.'>in<span class=\"apbct-blur\">**<\/span>@<span class=\"apbct-blur\">**************<\/span>nd.com<\/span><\/a><\/p><p data-start=\"1493\" data-end=\"1573\">\u00a0<\/p><h3 data-start=\"1580\" data-end=\"1608\">Article 2 - Site access<\/h3><p data-start=\"1610\" data-end=\"1765\">Access to the site is reserved for strictly personal use.<br data-start=\"1671\" data-end=\"1674\" \/>You agree not to use the Site or the information contained therein for any purpose other than :<\/p><p data-start=\"1767\" data-end=\"1865\">- commercial<br data-start=\"1781\" data-end=\"1784\" \/>- policies<br data-start=\"1796\" data-end=\"1799\" \/>- advertising<br data-start=\"1814\" data-end=\"1817\" \/>- or unsolicited commercial prospecting<\/p><p data-start=\"1767\" data-end=\"1865\">\u00a0<\/p><h3 data-start=\"1872\" data-end=\"1911\">Article 3 - Intellectual property<\/h3><p data-start=\"1913\" data-end=\"2078\">All site content (text, photos, videos, logos, graphics, technical elements, etc.) is protected by international copyright laws.<\/p><p data-start=\"2080\" data-end=\"2298\">These elements are the exclusive property of Bike It or its partners.<br data-start=\"2154\" data-end=\"2157\" \/>Any reproduction, copy, adaptation or use, in whole or in part, without the written authorization of the publisher, is strictly forbidden.<\/p><p data-start=\"2300\" data-end=\"2410\">The publisher's failure to react to unauthorized use does not constitute a waiver of its rights.<\/p><p data-start=\"2300\" data-end=\"2410\">\u00a0<\/p><h3 data-start=\"2417\" data-end=\"2447\">Article 4 - Site management<\/h3><p data-start=\"2449\" data-end=\"2513\">To ensure optimal operation of the site, the publisher may :<\/p><p data-start=\"2515\" data-end=\"2724\">- suspend or limit access to the site<br data-start=\"2553\" data-end=\"2556\" \/>- restrict access to certain sections<br data-start=\"2598\" data-end=\"2601\" \/>- remove disruptive or illegal content<br data-start=\"2648\" data-end=\"2651\" \/>- carry out updates, modifications or technical interruptions<\/p><p data-start=\"2515\" data-end=\"2724\">\u00a0<\/p><h3 data-start=\"2731\" data-end=\"2761\">Article 5 - Responsibilities<\/h3><p data-start=\"2763\" data-end=\"2802\">Bike It cannot be held responsible:<\/p><p data-start=\"2804\" data-end=\"3042\">- lack of access to the site (server failure, maintenance, network, etc.)<br data-start=\"2876\" data-end=\"2879\" \/>- any damage resulting from the use of the site<br data-start=\"2925\" data-end=\"2928\" \/>- viruses that may affect your equipment<br data-start=\"2970\" data-end=\"2973\" \/>- the use you make of the information on the site<\/p><p data-start=\"3044\" data-end=\"3122\">The equipment used to connect to the site remains your responsibility.<\/p><p data-start=\"3124\" data-end=\"3246\">If use of the site leads to proceedings against the publisher, the latter may take action against the user responsible.<\/p><p data-start=\"3124\" data-end=\"3246\">\u00a0<\/p><h3 data-start=\"3253\" data-end=\"3285\">Article 6 - Hypertext links<\/h3><p data-start=\"3287\" data-end=\"3407\">The creation of links to the site is authorized.<br data-start=\"3335\" data-end=\"3338\" \/>However, the publisher may request the removal of a link at any time.<\/p><p data-start=\"3409\" data-end=\"3510\">Bike It is in no way responsible for the content of third-party sites accessible via hyperlink.<\/p><p data-start=\"3409\" data-end=\"3510\">\u00a0<\/p><h3 data-start=\"3517\" data-end=\"3555\">Article 7 - Use of data<\/h3><p data-start=\"3557\" data-end=\"3706\">The management of personal data is detailed exclusively in the <strong data-start=\"3629\" data-end=\"3661\">Privacy Policy<\/strong>, available from the site footer.<\/p><p data-start=\"3708\" data-end=\"3854\">In order to avoid any redundancy, the present legal notice does not reproduce the content.<br data-start=\"3801\" data-end=\"3804\" \/>The Privacy Policy covers in particular:<\/p><p data-start=\"3856\" data-end=\"3989\">- processing purposes<br data-start=\"3881\" data-end=\"3884\" \/>- legal basis<br data-start=\"3897\" data-end=\"3900\" \/>- shelf life<br data-start=\"3923\" data-end=\"3926\" \/>- cookies<br data-start=\"3935\" data-end=\"3938\" \/>- data sharing<br data-start=\"3959\" data-end=\"3962\" \/>- user rights<\/p><p data-start=\"3856\" data-end=\"3989\">\u00a0<\/p><h3 data-start=\"3996\" data-end=\"4055\">Article 8 - Photographs and representation of products<\/h3><p data-start=\"4057\" data-end=\"4253\">Photographs, videos, renderings or illustrations on the site are non-contractual.<br data-start=\"4154\" data-end=\"4157\" \/>Variations may exist depending on the availability of vehicles, equipment or accessories.<\/p><p data-start=\"4057\" data-end=\"4253\">\u00a0<\/p><h3 data-start=\"4260\" data-end=\"4289\">Article 9 - Applicable law<\/h3><p data-start=\"4291\" data-end=\"4488\">The site and this legal notice are governed by Thai law.<br data-start=\"4369\" data-end=\"4372\" \/>In the event of a dispute, the place of jurisdiction shall be Bike It's registered office, unless otherwise provided by law.<\/p><p data-start=\"4291\" data-end=\"4488\">\u00a0<\/p><h3 data-start=\"4495\" data-end=\"4518\">Article 10 - Contact<\/h3><p data-start=\"4520\" data-end=\"4575\">If you have any questions about the site or its content :<\/p><p data-start=\"4577\" data-end=\"4650\"><strong data-start=\"4577\" data-end=\"4588\">Email :<\/strong> <a class=\"decorated-link cursor-pointer\" rel=\"noopener\" data-start=\"4589\" data-end=\"4614\"><span \n                data-original-string='onn0c4goq4x6xEDB3uZP4g==d18Rs7xgjmk3r3lPJVYTt3EDEskf+UzIB9z3NyTE2x3spM='\n                class='apbct-email-encoder'\n                title='This contact has been encoded by Anti-Spam by CleanTalk. Click to decode. To finish the decoding make sure that JavaScript is enabled in your browser.'>in<span class=\"apbct-blur\">**<\/span>@<span class=\"apbct-blur\">**************<\/span>nd.com<\/span><\/a><br data-start=\"4614\" data-end=\"4617\" \/><strong data-start=\"4617\" data-end=\"4632\">Phone :<\/strong> +66 93 594 3211<\/p>\t\t\t\t\t\t\t\t<\/div>\n\t\t\t\t<\/div>\n\t\t\t\t\t<\/div>\n\t\t\t\t<\/div>\n\t\t\t\t<\/div>\n\t\t\t\t<\/div>\n\t\t\t\t<\/div>","protected":false},"excerpt":{"rendered":"<p>Mentions l\u00e9gales Mentions l\u00e9gales Informations l\u00e9gales La soci\u00e9t\u00e9 Bike It, soucieuse des droits des utilisateurs et d\u2019une transparence totale quant au traitement des donn\u00e9es personnelles, met \u00e0 disposition les pr\u00e9sentes mentions l\u00e9gales. Elles compl\u00e8tent la Politique de Confidentialit\u00e9 disponible s\u00e9par\u00e9ment sur le site. Pour toute information compl\u00e9mentaire sur la protection des donn\u00e9es, vous pouvez consulter [&hellip;]<\/p>\n","protected":false},"author":1,"featured_media":0,"parent":0,"menu_order":0,"comment_status":"closed","ping_status":"closed","template":"elementor_header_footer","meta":{"_acf_changed":false,"footnotes":""},"class_list":["post-5313","page","type-page","status-publish","hentry"],"acf":[],"_links":{"self":[{"href":"https:\/\/bike-it-thailand.com\/en\/wp-json\/wp\/v2\/pages\/5313","targetHints":{"allow":["GET"]}}],"collection":[{"href":"https:\/\/bike-it-thailand.com\/en\/wp-json\/wp\/v2\/pages"}],"about":[{"href":"https:\/\/bike-it-thailand.com\/en\/wp-json\/wp\/v2\/types\/page"}],"author":[{"embeddable":true,"href":"https:\/\/bike-it-thailand.com\/en\/wp-json\/wp\/v2\/users\/1"}],"replies":[{"embeddable":true,"href":"https:\/\/bike-it-thailand.com\/en\/wp-json\/wp\/v2\/comments?post=5313"}],"version-history":[{"count":13,"href":"https:\/\/bike-it-thailand.com\/en\/wp-json\/wp\/v2\/pages\/5313\/revisions"}],"predecessor-version":[{"id":5327,"href":"https:\/\/bike-it-thailand.com\/en\/wp-json\/wp\/v2\/pages\/5313\/revisions\/5327"}],"wp:attachment":[{"href":"https:\/\/bike-it-thailand.com\/en\/wp-json\/wp\/v2\/media?parent=5313"}],"curies":[{"name":"wp","href":"https:\/\/api.w.org\/{rel}","templated":true}]}}